{"id":16,"date":"2012-02-09T12:15:00","date_gmt":"2012-02-09T11:15:00","guid":{"rendered":"http:\/\/www.reiki-altdorf.de\/reiki-blog\/?page_id=16"},"modified":"2019-01-17T23:37:05","modified_gmt":"2019-01-17T22:37:05","slug":"seminarubersicht","status":"publish","type":"page","link":"https:\/\/www.reiki-lehnert.de\/reiki-blog\/seminarubersicht\/","title":{"rendered":"Seminar\u00fcbersicht"},"content":{"rendered":"\n<p>&nbsp;<strong>Reiki-Seminare\nmit Einweihung und Ausbildung nach Mikao Usui in alle Grade<\/strong><\/p>\n\n\n\n<p><strong><a href=\"http:\/\/www.reiki-altdorf.de\/reiki-erster-grad.php\" target=\"_blank\" rel=\"noreferrer noopener\">Grad\n1<\/a><\/strong>\n&#8211; insgesamt ca. 22-25 Stunden Seminardauer (verteilt auf 2,5 Tage und\n1 Anschlusstreffen)<br \/>Kosten pro Teilnehmer: EUR 250,- (inkl.&nbsp;\nKopf-, Hand- <strong>und\nFuss<\/strong>-Einweihungen,\ntheoretischer und praktischer Ausbildung, viel praktischem \u00dcben,\numfangreicher Ausbildungsunterlagen, CD mit gemafreier\nReiki-Behandlungsmusik, CD mit 2 gef\u00fchrten Reiki-Meditationen,\nUrkunde und Mittagsverpflegung.) Sehr begrenzte Teilnehmeranzahl!<\/p>\n\n\n\n<p><strong><a href=\"http:\/\/www.reiki-altdorf.de\/reiki-zweiter-grad.php\" target=\"_blank\" rel=\"noreferrer noopener\">Grad\n2<\/a><\/strong>\n&#8211; insgesamt ca. 26-30 Stunden Seminardauer (verteilt auf 2,5 Tage und\n2 Anschlusstreffen)<br \/>Kosten pro Teilnehmer: EUR 390,- (inkl.&nbsp;\nEinweihungen, theoretischer und praktischer Ausbildung, viel\npraktischem \u00dcben, umfangreicher Ausbildungsunterlagen, Urkunde und\nMittagsverpflegung.) Sehr begrenzte Teilnehmeranzahl!<\/p>\n\n\n\n<p><strong>Kinder-Kurs\nReiki Grad 1<\/strong>\n&#8211; insgesamt 10 Stunden Seminardauer (verteilt auf 1,5 Tage)<\/p>\n\n\n\n<p>Kosten pro Kind:\nEUR 120,- (inkl. Einweihungen, kindgerechter theoretischer und\npraktischer Ausbildung \/ \u00dcben, kindgerechter Ausbildungsunterlagen,\nUrkunde und einem Mittagessen.) Begrenzte Teilnehmeranzahl!<\/p>\n\n\n\n<p>&#8212;&#8212;&#8212;&#8212;&#8212;&#8212;&#8212;&#8212;&#8212;&#8212;&#8212;&#8212;&#8212;&#8212;&#8212;&#8212;&#8212;&#8212;&#8212;&#8212;&#8212;&#8212;&#8212;&#8212;&#8212;&#8212;&#8212;&#8212;&#8212;&#8212;&#8212;&#8212;&#8212;&#8212;&#8212;&#8212;&#8212;&#8211;<\/p>\n\n\n\n<p><strong>Halbtages-Seminar\nf\u00fcr positive Lebensgestaltung<\/strong><\/p>\n\n\n\n<p><strong>&#8222;Mit\nAffirmationen und Optimismus rundum gesund und gl\u00fccklich leben&#8220;<\/strong><\/p>\n\n\n\n<p>In diesem f\u00fcnf-\nbis sechsst\u00fcndigen Seminar erkl\u00e4re ich leicht und verst\u00e4ndlich mit\nvielen Beispielen und aktiven \u00dcbungen, wie Sie im Alltag ganz\neinfach zu mehr Optimismus und Lebensfreude finden und wie Sie in\nZukunft nur noch die richtigen und gew\u00fcnschten Situationen, Menschen\nund Dinge in Ihr Leben ziehen.<\/p>\n\n\n\n<p>Erfahren Sie, was\nman alles unbewusst falsch macht oder falsch &#8222;bestellt&#8220; und\nwie man mit der eigenen <a href=\"http:\/\/www.reiki-altdorf.de\/reiki-blog\/affirmationen-die-macht-des-unterbewusstseins\/\" target=\"_blank\" rel=\"noreferrer noopener\">Gedankenkraft\nauch mittels Affirmationen<\/a> die richtigen Bestellungen aufgibt.<\/p>\n\n\n\n<ul><li>Auf\n\twelche Fragen des Lebens suchen Sie Antworten? \n\t\n\t<\/li><li>F\u00fcr\n\twelche Situationen und Probleme Ihres Alltags suchen Sie L\u00f6sungen? \n\t\n\t<\/li><li>Welche\n\tLebenstr\u00e4ume und -w\u00fcnsche sollen sich endlich erf\u00fcllen? \n\t\n<\/li><\/ul>\n\n\n\n<p>Es wird\nausreichend Zeit zur Verf\u00fcgung stehen f\u00fcr individuelle Fragen.<\/p>\n\n\n\n<p><strong>Nehmen\nSie Ihr Schicksal in die Hand! Lenken Sie Ihr Leben in positive\nBahnen!<\/strong><\/p>\n\n\n\n<p>Im Anschluss an\ndas Seminar findet eine Gruppenhypnose mit Hypno-Cleaning\n(Blockadenl\u00f6sung\/Seelenreinigung) und positiver Suggestionssetzung\nf\u00fcr mehr Optimismus, besseres Selbstbewusstsein und mehr innere\nSt\u00e4rke statt. Alle Teilnehmer k\u00f6nnen ohne Zusatzkosten an dieser\nGruppenhypnose teilnehmen, wobei es auch problemlos f\u00fcr diejenigen\nm\u00f6glich ist, die keine Hypnose erleben m\u00f6chten, sich vorher zu\nverabschieden.<\/p>\n\n\n\n<p><strong>Von 14 bis ca. 19\/20 Uhr<\/strong>.  Mindestens\u00a03,\u00a0maximal\u00a07\u00a0Teilnehmer. <\/p>\n\n\n\n<p>Kosten pro Teilnehmer: EUR 90,- inkl. Getr\u00e4nke Kuchen und Knabbersachen<\/p>\n\n\n\n<p>&#8212;&#8212;&#8212;&#8212;&#8212;&#8212;&#8212;&#8212;&#8212;&#8212;&#8212;&#8212;&#8212;&#8212;&#8212;&#8212;&#8212;&#8212;&#8212;&#8212;&#8212;&#8212;&#8212;&#8212;&#8212;&#8212;&#8212;&#8212;&#8212;&#8212;&#8212;&#8212;&#8212;&#8212;&#8212;&#8212;&#8212;&#8211;<\/p>\n\n\n\n<p><strong>Meditationstage\nInneres Kind&nbsp;<\/strong><\/p>\n\n\n\n<p>Die Arbeit am\nInneren Kind ist eine der h\u00e4ufigsten, mit meinen Klienten, eine oft\nnotwendige therapeutische Vorarbeit bei diversen Problemen, Themen\nund Krankheiten. Wir alle haben verletzte Kinder und beschr\u00e4nkende\nGlaubenss\u00e4tze aus dieser abh\u00e4ngigen und sehr pr\u00e4genden Lebenszeit\nin uns. Nach dem Motto, nur auf einem guten Fundament kann auch ein\nsicheres Haus stehen, setzt diese Arbeit an unserer Basis, unserem\nFundament an. \n<\/p>\n\n\n\n<p>Ich habe hier\nzwei unterschiedliche Meditationstage, die unabh\u00e4ngig von einander\nund in beliebiger Reihenfolge gemacht werden k\u00f6nnen, erarbeitet.&nbsp;\nBeide Tage k\u00f6nnen an einem sehr intensiven und erfahrungsreichen\nWochenende absolviert werden, oder auch mit l\u00e4ngerem Abstand\nzueinander, beide Tage einzeln, z.B. einer im Fr\u00fchjahr und der\nzweite im Herbst<\/p>\n\n\n\n<p><strong>Von 10 bis 19\/20 Uhr.\u00a0<\/strong>Mindestens\u00a03,\u00a0maximal\u00a07\u00a0Teilnehmer.<\/p>\n\n\n\n<ul><li><strong>I\n\t&#8222;Ich bin gut genau so wie ich bin&#8220;<\/strong>\n\t\n\t\n\t<\/li><li><strong>II\n\t&#8222;Scham und Schuld loslassen&#8220;<\/strong>\n\t\n\t\n<\/li><\/ul>\n\n\n\n<p>Kosten pro\nTeilnehmer und Tag: EUR 120,-&nbsp; jeweils inklusive Vollverpflegung\nund Meditations-CD f\u00fcr zu Hause.<\/p>\n\n\n\n<p>&#8212;&#8212;&#8212;&#8212;&#8212;&#8212;&#8212;&#8212;&#8212;&#8212;&#8212;&#8212;&#8212;&#8212;&#8212;&#8212;&#8212;&#8212;&#8212;&#8212;&#8212;&#8212;&#8212;&#8212;&#8212;&#8212;&#8212;&#8212;&#8212;&#8212;&#8212;&#8212;&#8212;&#8212;&#8212;&#8212;-<\/p>\n\n\n\n<p><strong>Schweige-Meditations-\/Kontemplations oder -Wochenende<\/strong><\/p>\n\n\n\n<p>Wir meditieren gemeinsam in einer Gruppe von mindestens 5 bis maximal 15 Personen von <strong>Freitag Nachmittag (16\/17 Uhr) bis Sonntag Nachmittag (ca. 16 Uhr)<\/strong> in gef\u00fchrten Meditations- und Kontemplationsrunden und verbringen das gesamte Wochenende schweigend mit einem soft getakteten Tagesablauf (inklusive gemeinsamen Fr\u00fchst\u00fcck, Mittag- und Abendessen, sowie Reiki-Behandlungen und Freizeiten, z.B. zum spazieren gehen).<\/p>\n\n\n\n<p>Diese Tage sind\nf\u00fcr meditationsge\u00fcbte Reikipraktizierende, die Ihrer Sehnsucht nach\nStille und tiefer Versenkung (Kontemplation) folgen wollen, gedacht.<\/p>\n\n\n\n<p>Im Schweigen\nentsteht Raum,<\/p>\n\n\n\n<p>der durch die\nStille den Zugang zur tiefen inneren Weisheit frei gibt,<\/p>\n\n\n\n<p>hier k\u00f6nnen wir\nzu unserem wahren Selbst finden,<\/p>\n\n\n\n<p>um ALLES zu\nfinden was wir brauchen und\/oder (vielleicht bereits l\u00e4nger) suchen.<\/p>\n\n\n\n<p>Achtsam begleitet\ndurch <a href=\"http:\/\/www.reiki-altdorf.de\/about.php\" target=\"_blank\" rel=\"noreferrer noopener\">Reiki-Lehrerin<\/a>\n(und <a href=\"http:\/\/www.hypnose-altdorf.de\/\" target=\"_blank\" rel=\"noreferrer noopener\">Heilpraktikerin\nf\u00fcr Psychotherapie<\/a>) Stefanie Weigle und liebevoll umsorgt durch\ndas Team des <a href=\"http:\/\/www.hotel-gasthaus-mueller.de\/index.php\/gaestehaus-zimmer.html\" target=\"_blank\" rel=\"noreferrer noopener\">Hotel\nGoldener Hirsch in Burgthann <\/a>hat jeder f\u00fcr sich die M\u00f6glichkeit\nw\u00e4hrend dieser drei intensiven Tage von seinem jeweiligen Alltag\nAbstand zu nehmen und getragen von der Gemeinschaft zu einer (oftmals\nnoch v\u00f6llig unbekannten und ungeahnten) Tiefe in sich selbst zu\nfinden.<\/p>\n\n\n\n<p>Durch das \u00e4ussere\nSchweigen gelangt man auch in eine gedankliche Stille, sowie zu Ruhe,\nBewusstheit und inneren Frieden. Was bei dem einen die M\u00f6glichkeit\nzur Reflexion und wirkungsvollen inneren Arbeit bringt (alte\nBlockaden und\/oder Selbst-Beschr\u00e4nkungen l\u00f6sen,\nEntscheidungsfindung, Neuorientierung,\nSelbst-bewusst-seinsentwicklung, Selbstliebearbeit, etc.) und aber\nbei anderen auch einfach ein so tiefes inneres erholen und auftanken\nbewirkt, was sonst in gleicher Intensit\u00e4t in so kurzer Zeit kaum\nm\u00f6glich w\u00e4re.<\/p>\n\n\n\n<p>Als\nAnsprechpartner, wenn n\u00f6tig oder gew\u00fcnscht, steht vor, w\u00e4hrend und\nnach dem Seminarzeitraum Stefanie Weigle allen Teilnehmern mit\n(Einzel-)Gespr\u00e4chen, Rat und Tat zur Verf\u00fcgung. Generell werden\nalle Teilnehmer aber die Zeit ab Freitag Abend bis Sonntag Nachmittag\nkomplett (auch beim Essen) schweigend verbringen. Es ist ideal f\u00fcr\ndie Stille an beiden Abenden und N\u00e4chten eines der zehn Einzelzimmer\nzu w\u00e4hlen (falls gew\u00fcnscht ist jedoch auch Doppelbelegung m\u00f6glich)\nund auch in den freien Zeiten des Tages und Abends den Frieden nicht\ndurch Telefonate, Handy-Chats, SMS, TV, Emails etc. zu unterbrechen.<\/p>\n\n\n\n<p>Die Kosten\nbeinhalten Aufenthalt und \u00dcbernachtungen mit Vollpension (Freitag\nAbendessen, Samstag Fr\u00fchst\u00fcck, Mittag-, Abendessen, Sonntag\nFr\u00fchst\u00fcck, Mittagessen), sowie Seminarf\u00fchrung (inkl. von dieser\ngestellte Decken, Liegen, Kissen, B\u00e4nkchen, Kuchen\/Knabbersachen,\nTee)<\/p>\n\n\n\n<p>Pro Person im\nEinzelzimmer mit Bad\/WC: 245,-<\/p>\n\n\n\n<p>Pro Person im\nDoppelzimmer mit Bad\/WC: 220,-<\/p>\n\n\n\n<p>zuz\u00fcglich\nGetr\u00e4nke und Kaffee vom Hotel.<\/p>\n\n\n\n<p>\u00a0 \u00a0 \u00a0 \u00a0 \u00a0 \u00a0 \u00a0 \u00a0 \u00a0 \u00a0 \u00a0 \u00a0 \u00a0 \u00a0 \u00a0 \u00a0 \u00a0 \u00a0 \u00a0 \u00a0 \u00a0 \u00a0 \u00a0&#8212;&#8212;&#8212;&#8212;&#8212;&#8212;&#8212;&#8212;&#8212;&#8212;&#8212;<br \/><br \/>Das gleiche gibt es auch in der &#8222;Light-Version&#8220; dem Schweige-Meditations-Kontemplationstag, dieser ist zeitlich und finanziell leichter unter zu bringen oder auch ein guter erster Einstieg in die intensive Stille.\u00a0<br \/>Dieser Meditationstag l\u00e4uft ab wie das Schweigewochenende nur eben in gek\u00fcrzter Form an einem Tag und auch nicht im Hotel, sondern, wie alle anderen Meditationstage und Kurse, in meinen R\u00e4umen, von<strong> 8 Uhr morgens bis 20 Uhr abends<\/strong> meditieren wir gemeinsam und verbringen auch die Pausen in tiefer Stille. Ein Tag komplette Auszeit und nach Innen gehen, zu tiefer Ruhe kommen!  <\/p>\n\n\n\n<p>Mindestens\u00a03,\u00a0maximal\u00a07\u00a0Teilnehmer.<\/p>\n\n\n\n<p>Kosten pro\nTeilnehmer 90,- Euro, inklusive Vollverpflegung&nbsp;<\/p>\n","protected":false},"excerpt":{"rendered":"<p>&nbsp;Reiki-Seminare mit Einweihung und Ausbildung nach Mikao Usui in alle Grade Grad 1 &#8211; insgesamt ca. 22-25 Stunden Seminardauer (verteilt auf 2,5 Tage und 1 Anschlusstreffen)Kosten pro Teilnehmer: EUR 250,- (inkl.&nbsp; Kopf-, Hand- und Fuss-Einweihungen, theoretischer und praktischer Ausbildung, viel &hellip; <a href=\"https:\/\/www.reiki-lehnert.de\/reiki-blog\/seminarubersicht\/\">Weiterlesen <span class=\"meta-nav\">&rarr;<\/span><\/a><\/p>\n","protected":false},"author":2,"featured_media":0,"parent":0,"menu_order":0,"comment_status":"open","ping_status":"open","template":"","meta":[],"_links":{"self":[{"href":"https:\/\/www.reiki-lehnert.de\/reiki-blog\/wp-json\/wp\/v2\/pages\/16"}],"collection":[{"href":"https:\/\/www.reiki-lehnert.de\/reiki-blog\/wp-json\/wp\/v2\/pages"}],"about":[{"href":"https:\/\/www.reiki-lehnert.de\/reiki-blog\/wp-json\/wp\/v2\/types\/page"}],"author":[{"embeddable":true,"href":"https:\/\/www.reiki-lehnert.de\/reiki-blog\/wp-json\/wp\/v2\/users\/2"}],"replies":[{"embeddable":true,"href":"https:\/\/www.reiki-lehnert.de\/reiki-blog\/wp-json\/wp\/v2\/comments?post=16"}],"version-history":[{"count":13,"href":"https:\/\/www.reiki-lehnert.de\/reiki-blog\/wp-json\/wp\/v2\/pages\/16\/revisions"}],"predecessor-version":[{"id":574,"href":"https:\/\/www.reiki-lehnert.de\/reiki-blog\/wp-json\/wp\/v2\/pages\/16\/revisions\/574"}],"wp:attachment":[{"href":"https:\/\/www.reiki-lehnert.de\/reiki-blog\/wp-json\/wp\/v2\/media?parent=16"}],"curies":[{"name":"wp","href":"https:\/\/api.w.org\/{rel}","templated":true}]}}